{"id":98,"date":"2025-08-11T18:30:44","date_gmt":"2025-08-11T18:30:44","guid":{"rendered":"https:\/\/www.hidroforpompasi.com\/index.php\/urun\/wilo\/"},"modified":"2025-08-21T07:45:52","modified_gmt":"2025-08-21T07:45:52","slug":"wilo","status":"publish","type":"product","link":"https:\/\/www.hidroforpompasi.com\/index.php\/urun\/wilo\/","title":{"rendered":"Wilo"},"content":{"rendered":"<p>Bina foseptik logarlar\u0131ndan, lokanta ve i\u015fyerlerinin at\u0131k su logarlar\u0131ndan kuyu ve havuzlardan, kazan dairelerinden, bodrumlardan, g\u00f6l ve derelerden ya\u011fmur suyu t\u00fcr\u00fcnde yada foseptik lifli sular\u0131 basabilen bu pompalar olduk\u00e7a geni\u015f kullan\u0131m alan\u0131na sahiptir. Susuz \u00e7al\u0131\u015fmaya kar\u015f\u0131 seviye flat\u00f6r\u00fc ile donat\u0131lan bu pompalar\u0131n tamam\u0131 monofaze olup, 10 metre fi\u015fli kablosu ve entegre seviye flat\u00f6r\u00fc standart teslimat kapsam\u0131ndad\u0131r.<\/p>\n","protected":false},"excerpt":{"rendered":"<p>Bina foseptik logarlar\u0131ndan, lokanta ve i\u015fyerlerinin at\u0131k su logarlar\u0131ndan kuyu ve havuzlardan, kazan dairelerinden, bodrumlardan, g\u00f6l ve derelerden ya\u011fmur suyu t\u00fcr\u00fcnde yada foseptik lifli sular\u0131 basabilen bu pompalar olduk\u00e7a geni\u015f kullan\u0131m alan\u0131na sahiptir. Susuz \u00e7al\u0131\u015fmaya kar\u015f\u0131 seviye flat\u00f6r\u00fc ile donat\u0131lan bu pompalar\u0131n tamam\u0131 monofaze olup, 10 metre fi\u015fli kablosu ve entegre seviye flat\u00f6r\u00fc standart teslimat [&hellip;]<\/p>\n","protected":false},"featured_media":95,"comment_status":"open","ping_status":"closed","template":"","meta":[],"product_brand":[],"product_cat":[24,25],"product_tag":[],"class_list":{"0":"post-98","1":"product","2":"type-product","3":"status-publish","4":"has-post-thumbnail","6":"product_cat-genel","7":"product_cat-wilo","9":"first","10":"instock","11":"shipping-taxable","12":"product-type-external"},"_links":{"self":[{"href":"https:\/\/www.hidroforpompasi.com\/index.php\/wp-json\/wp\/v2\/product\/98","targetHints":{"allow":["GET"]}}],"collection":[{"href":"https:\/\/www.hidroforpompasi.com\/index.php\/wp-json\/wp\/v2\/product"}],"about":[{"href":"https:\/\/www.hidroforpompasi.com\/index.php\/wp-json\/wp\/v2\/types\/product"}],"replies":[{"embeddable":true,"href":"https:\/\/www.hidroforpompasi.com\/index.php\/wp-json\/wp\/v2\/comments?post=98"}],"wp:featuredmedia":[{"embeddable":true,"href":"https:\/\/www.hidroforpompasi.com\/index.php\/wp-json\/wp\/v2\/media\/95"}],"wp:attachment":[{"href":"https:\/\/www.hidroforpompasi.com\/index.php\/wp-json\/wp\/v2\/media?parent=98"}],"wp:term":[{"taxonomy":"product_brand","embeddable":true,"href":"https:\/\/www.hidroforpompasi.com\/index.php\/wp-json\/wp\/v2\/product_brand?post=98"},{"taxonomy":"product_cat","embeddable":true,"href":"https:\/\/www.hidroforpompasi.com\/index.php\/wp-json\/wp\/v2\/product_cat?post=98"},{"taxonomy":"product_tag","embeddable":true,"href":"https:\/\/www.hidroforpompasi.com\/index.php\/wp-json\/wp\/v2\/product_tag?post=98"}],"curies":[{"name":"wp","href":"https:\/\/api.w.org\/{rel}","templated":true}]}}