{"id":897,"date":"2025-08-11T19:06:36","date_gmt":"2025-08-11T19:06:36","guid":{"rendered":"https:\/\/www.hidroforpompasi.com\/index.php\/urun\/winpo-222\/"},"modified":"2025-08-20T16:40:20","modified_gmt":"2025-08-20T16:40:20","slug":"winpo-222","status":"publish","type":"product","link":"https:\/\/www.hidroforpompasi.com\/index.php\/urun\/winpo-222\/","title":{"rendered":"Winpo 226 S\u0131cak Su Pompas\u0131"},"content":{"rendered":"","protected":false},"excerpt":{"rendered":"<p>Winpo Wnp 226, \u00e7at\u0131da ki g\u00fcne\u015f enerjisinden gelen s\u0131cak suyu bas\u0131n\u00e7land\u0131r\u0131r g\u00fcvenli kullan\u0131m sa\u011flar. 2 kat 2 daireye uygun fiyatla. | Hemen al.<\/p>\n","protected":false},"featured_media":893,"comment_status":"open","ping_status":"closed","template":"","meta":[],"product_brand":[],"product_cat":[29],"product_tag":[],"class_list":{"0":"post-897","1":"product","2":"type-product","3":"status-publish","4":"has-post-thumbnail","6":"product_cat-winpo","8":"first","9":"instock","10":"shipping-taxable","11":"product-type-external"},"_links":{"self":[{"href":"https:\/\/www.hidroforpompasi.com\/index.php\/wp-json\/wp\/v2\/product\/897","targetHints":{"allow":["GET"]}}],"collection":[{"href":"https:\/\/www.hidroforpompasi.com\/index.php\/wp-json\/wp\/v2\/product"}],"about":[{"href":"https:\/\/www.hidroforpompasi.com\/index.php\/wp-json\/wp\/v2\/types\/product"}],"replies":[{"embeddable":true,"href":"https:\/\/www.hidroforpompasi.com\/index.php\/wp-json\/wp\/v2\/comments?post=897"}],"wp:featuredmedia":[{"embeddable":true,"href":"https:\/\/www.hidroforpompasi.com\/index.php\/wp-json\/wp\/v2\/media\/893"}],"wp:attachment":[{"href":"https:\/\/www.hidroforpompasi.com\/index.php\/wp-json\/wp\/v2\/media?parent=897"}],"wp:term":[{"taxonomy":"product_brand","embeddable":true,"href":"https:\/\/www.hidroforpompasi.com\/index.php\/wp-json\/wp\/v2\/product_brand?post=897"},{"taxonomy":"product_cat","embeddable":true,"href":"https:\/\/www.hidroforpompasi.com\/index.php\/wp-json\/wp\/v2\/product_cat?post=897"},{"taxonomy":"product_tag","embeddable":true,"href":"https:\/\/www.hidroforpompasi.com\/index.php\/wp-json\/wp\/v2\/product_tag?post=897"}],"curies":[{"name":"wp","href":"https:\/\/api.w.org\/{rel}","templated":true}]}}