{"id":848,"date":"2025-08-11T19:06:22","date_gmt":"2025-08-11T19:06:22","guid":{"rendered":"https:\/\/www.hidroforpompasi.com\/index.php\/urun\/winpo-201\/"},"modified":"2025-08-20T16:57:45","modified_gmt":"2025-08-20T16:57:45","slug":"winpo-201","status":"publish","type":"product","link":"https:\/\/www.hidroforpompasi.com\/index.php\/urun\/winpo-201\/","title":{"rendered":"Winpo 2-38 Keson Kuyu Pompas\u0131"},"content":{"rendered":"","protected":false},"excerpt":{"rendered":"<p>Winpo wnp 2\/38 derin kuyu dalg\u0131\u00e7 pompa motorlu: 220 volt monofaze 3 hp 271 mss 3 m\u00b3\/h, sa\u011flam g\u00f6vdeli derinkuyu pompas\u0131 uygun fiyatla. | Hemen al.<\/p>\n","protected":false},"featured_media":847,"comment_status":"open","ping_status":"closed","template":"","meta":[],"product_brand":[],"product_cat":[29],"product_tag":[],"class_list":{"0":"post-848","1":"product","2":"type-product","3":"status-publish","4":"has-post-thumbnail","6":"product_cat-winpo","8":"first","9":"instock","10":"shipping-taxable","11":"product-type-external"},"_links":{"self":[{"href":"https:\/\/www.hidroforpompasi.com\/index.php\/wp-json\/wp\/v2\/product\/848","targetHints":{"allow":["GET"]}}],"collection":[{"href":"https:\/\/www.hidroforpompasi.com\/index.php\/wp-json\/wp\/v2\/product"}],"about":[{"href":"https:\/\/www.hidroforpompasi.com\/index.php\/wp-json\/wp\/v2\/types\/product"}],"replies":[{"embeddable":true,"href":"https:\/\/www.hidroforpompasi.com\/index.php\/wp-json\/wp\/v2\/comments?post=848"}],"wp:featuredmedia":[{"embeddable":true,"href":"https:\/\/www.hidroforpompasi.com\/index.php\/wp-json\/wp\/v2\/media\/847"}],"wp:attachment":[{"href":"https:\/\/www.hidroforpompasi.com\/index.php\/wp-json\/wp\/v2\/media?parent=848"}],"wp:term":[{"taxonomy":"product_brand","embeddable":true,"href":"https:\/\/www.hidroforpompasi.com\/index.php\/wp-json\/wp\/v2\/product_brand?post=848"},{"taxonomy":"product_cat","embeddable":true,"href":"https:\/\/www.hidroforpompasi.com\/index.php\/wp-json\/wp\/v2\/product_cat?post=848"},{"taxonomy":"product_tag","embeddable":true,"href":"https:\/\/www.hidroforpompasi.com\/index.php\/wp-json\/wp\/v2\/product_tag?post=848"}],"curies":[{"name":"wp","href":"https:\/\/api.w.org\/{rel}","templated":true}]}}