{"id":472,"date":"2025-08-11T19:03:10","date_gmt":"2025-08-11T19:03:10","guid":{"rendered":"https:\/\/www.hidroforpompasi.com\/index.php\/urun\/winpo-24\/"},"modified":"2025-08-20T17:30:00","modified_gmt":"2025-08-20T17:30:00","slug":"winpo-24","status":"publish","type":"product","link":"https:\/\/www.hidroforpompasi.com\/index.php\/urun\/winpo-24\/","title":{"rendered":"Winpo Wnp 400 Kendinden Flat\u00f6rl\u00fc Dalg\u0131\u00e7 Pompa"},"content":{"rendered":"","protected":false},"excerpt":{"rendered":"<p>Winpo wnp 400 a flat\u00f6rl\u00fc drenaj dalg\u0131\u00e7 pompa 8mss 4.8m\u00b3\/h monofaze(220v), sel ve su bask\u0131n\u0131nda *temiz su* i\u00e7in kullan\u0131l\u0131r. | Hemen al.<\/p>\n","protected":false},"featured_media":471,"comment_status":"open","ping_status":"closed","template":"","meta":[],"product_brand":[],"product_cat":[29],"product_tag":[],"class_list":{"0":"post-472","1":"product","2":"type-product","3":"status-publish","4":"has-post-thumbnail","6":"product_cat-winpo","8":"first","9":"instock","10":"shipping-taxable","11":"product-type-external"},"_links":{"self":[{"href":"https:\/\/www.hidroforpompasi.com\/index.php\/wp-json\/wp\/v2\/product\/472","targetHints":{"allow":["GET"]}}],"collection":[{"href":"https:\/\/www.hidroforpompasi.com\/index.php\/wp-json\/wp\/v2\/product"}],"about":[{"href":"https:\/\/www.hidroforpompasi.com\/index.php\/wp-json\/wp\/v2\/types\/product"}],"replies":[{"embeddable":true,"href":"https:\/\/www.hidroforpompasi.com\/index.php\/wp-json\/wp\/v2\/comments?post=472"}],"wp:featuredmedia":[{"embeddable":true,"href":"https:\/\/www.hidroforpompasi.com\/index.php\/wp-json\/wp\/v2\/media\/471"}],"wp:attachment":[{"href":"https:\/\/www.hidroforpompasi.com\/index.php\/wp-json\/wp\/v2\/media?parent=472"}],"wp:term":[{"taxonomy":"product_brand","embeddable":true,"href":"https:\/\/www.hidroforpompasi.com\/index.php\/wp-json\/wp\/v2\/product_brand?post=472"},{"taxonomy":"product_cat","embeddable":true,"href":"https:\/\/www.hidroforpompasi.com\/index.php\/wp-json\/wp\/v2\/product_cat?post=472"},{"taxonomy":"product_tag","embeddable":true,"href":"https:\/\/www.hidroforpompasi.com\/index.php\/wp-json\/wp\/v2\/product_tag?post=472"}],"curies":[{"name":"wp","href":"https:\/\/api.w.org\/{rel}","templated":true}]}}