{"id":440,"date":"2025-08-11T19:02:47","date_gmt":"2025-08-11T19:02:47","guid":{"rendered":"https:\/\/www.hidroforpompasi.com\/index.php\/urun\/winpo-8\/"},"modified":"2025-08-20T17:43:16","modified_gmt":"2025-08-20T17:43:16","slug":"winpo-8","status":"publish","type":"product","link":"https:\/\/www.hidroforpompasi.com\/index.php\/urun\/winpo-8\/","title":{"rendered":"Winpo K\u0131r\u0131c\u0131l\u0131 Dalg\u0131\u00e7 Pompa"},"content":{"rendered":"","protected":false},"excerpt":{"rendered":"<p>Winpo wnp 7-8 gr *flat\u00f6rl\u00fc* k\u0131r\u0131c\u0131l\u0131 foseptik drenaj dalg\u0131\u00e7 pompa 17m\u00b3\/h monofaze(220v): su tahliyesi, aktar\u0131m\u0131 ve ta\u015f\u0131mas\u0131nda kullan\u0131l\u0131r. | Hemen al.<\/p>\n","protected":false},"featured_media":438,"comment_status":"open","ping_status":"closed","template":"","meta":[],"product_brand":[],"product_cat":[29],"product_tag":[],"class_list":{"0":"post-440","1":"product","2":"type-product","3":"status-publish","4":"has-post-thumbnail","6":"product_cat-winpo","8":"first","9":"instock","10":"shipping-taxable","11":"product-type-external"},"_links":{"self":[{"href":"https:\/\/www.hidroforpompasi.com\/index.php\/wp-json\/wp\/v2\/product\/440","targetHints":{"allow":["GET"]}}],"collection":[{"href":"https:\/\/www.hidroforpompasi.com\/index.php\/wp-json\/wp\/v2\/product"}],"about":[{"href":"https:\/\/www.hidroforpompasi.com\/index.php\/wp-json\/wp\/v2\/types\/product"}],"replies":[{"embeddable":true,"href":"https:\/\/www.hidroforpompasi.com\/index.php\/wp-json\/wp\/v2\/comments?post=440"}],"wp:featuredmedia":[{"embeddable":true,"href":"https:\/\/www.hidroforpompasi.com\/index.php\/wp-json\/wp\/v2\/media\/438"}],"wp:attachment":[{"href":"https:\/\/www.hidroforpompasi.com\/index.php\/wp-json\/wp\/v2\/media?parent=440"}],"wp:term":[{"taxonomy":"product_brand","embeddable":true,"href":"https:\/\/www.hidroforpompasi.com\/index.php\/wp-json\/wp\/v2\/product_brand?post=440"},{"taxonomy":"product_cat","embeddable":true,"href":"https:\/\/www.hidroforpompasi.com\/index.php\/wp-json\/wp\/v2\/product_cat?post=440"},{"taxonomy":"product_tag","embeddable":true,"href":"https:\/\/www.hidroforpompasi.com\/index.php\/wp-json\/wp\/v2\/product_tag?post=440"}],"curies":[{"name":"wp","href":"https:\/\/api.w.org\/{rel}","templated":true}]}}