{"id":439,"date":"2025-08-11T19:02:47","date_gmt":"2025-08-11T19:02:47","guid":{"rendered":"https:\/\/www.hidroforpompasi.com\/index.php\/urun\/winpo-7\/"},"modified":"2025-08-20T17:44:14","modified_gmt":"2025-08-20T17:44:14","slug":"winpo-7","status":"publish","type":"product","link":"https:\/\/www.hidroforpompasi.com\/index.php\/urun\/winpo-7\/","title":{"rendered":"Winpo Wnp 7-12 Par\u00e7alay\u0131c\u0131 B\u0131\u00e7akl\u0131 Foseptik Pompas\u0131."},"content":{"rendered":"","protected":false},"excerpt":{"rendered":"<p>Winpo wnp 7-12t gr *flat\u00f6rl\u00fc* k\u0131r\u0131c\u0131l\u0131 foseptik drenaj dalg\u0131\u00e7 pompa 15m\u00b3\/h monofaze(220v): su tahliyesi, aktar\u0131m\u0131 ve ta\u015f\u0131mas\u0131nda kullan\u0131l\u0131r. | Hemen al.<\/p>\n","protected":false},"featured_media":437,"comment_status":"open","ping_status":"closed","template":"","meta":[],"product_brand":[],"product_cat":[29],"product_tag":[],"class_list":{"0":"post-439","1":"product","2":"type-product","3":"status-publish","4":"has-post-thumbnail","6":"product_cat-winpo","8":"first","9":"instock","10":"shipping-taxable","11":"product-type-external"},"_links":{"self":[{"href":"https:\/\/www.hidroforpompasi.com\/index.php\/wp-json\/wp\/v2\/product\/439","targetHints":{"allow":["GET"]}}],"collection":[{"href":"https:\/\/www.hidroforpompasi.com\/index.php\/wp-json\/wp\/v2\/product"}],"about":[{"href":"https:\/\/www.hidroforpompasi.com\/index.php\/wp-json\/wp\/v2\/types\/product"}],"replies":[{"embeddable":true,"href":"https:\/\/www.hidroforpompasi.com\/index.php\/wp-json\/wp\/v2\/comments?post=439"}],"wp:featuredmedia":[{"embeddable":true,"href":"https:\/\/www.hidroforpompasi.com\/index.php\/wp-json\/wp\/v2\/media\/437"}],"wp:attachment":[{"href":"https:\/\/www.hidroforpompasi.com\/index.php\/wp-json\/wp\/v2\/media?parent=439"}],"wp:term":[{"taxonomy":"product_brand","embeddable":true,"href":"https:\/\/www.hidroforpompasi.com\/index.php\/wp-json\/wp\/v2\/product_brand?post=439"},{"taxonomy":"product_cat","embeddable":true,"href":"https:\/\/www.hidroforpompasi.com\/index.php\/wp-json\/wp\/v2\/product_cat?post=439"},{"taxonomy":"product_tag","embeddable":true,"href":"https:\/\/www.hidroforpompasi.com\/index.php\/wp-json\/wp\/v2\/product_tag?post=439"}],"curies":[{"name":"wp","href":"https:\/\/api.w.org\/{rel}","templated":true}]}}