{"id":432,"date":"2025-08-11T19:02:43","date_gmt":"2025-08-11T19:02:43","guid":{"rendered":"https:\/\/www.hidroforpompasi.com\/index.php\/urun\/winpo-4\/"},"modified":"2025-08-20T17:46:15","modified_gmt":"2025-08-20T17:46:15","slug":"winpo-4","status":"publish","type":"product","link":"https:\/\/www.hidroforpompasi.com\/index.php\/urun\/winpo-4\/","title":{"rendered":"Winpo 4-SKM 150 Keson Kuyu Pompas\u0131"},"content":{"rendered":"","protected":false},"excerpt":{"rendered":"<p>Winpo 4skm 150 keson kuyu dalg\u0131\u00e7 pompa 98 mss 3 m\u00b3\/h monofaze(220v): ba\u011f ve bah\u00e7e i\u00e7in keson kuyularda kullan\u0131lan preferikal fanl\u0131 dalg\u0131\u00e7 pompa. | Hemen al.<\/p>\n","protected":false},"featured_media":431,"comment_status":"open","ping_status":"closed","template":"","meta":[],"product_brand":[],"product_cat":[29],"product_tag":[],"class_list":{"0":"post-432","1":"product","2":"type-product","3":"status-publish","4":"has-post-thumbnail","6":"product_cat-winpo","8":"first","9":"instock","10":"shipping-taxable","11":"product-type-external"},"_links":{"self":[{"href":"https:\/\/www.hidroforpompasi.com\/index.php\/wp-json\/wp\/v2\/product\/432","targetHints":{"allow":["GET"]}}],"collection":[{"href":"https:\/\/www.hidroforpompasi.com\/index.php\/wp-json\/wp\/v2\/product"}],"about":[{"href":"https:\/\/www.hidroforpompasi.com\/index.php\/wp-json\/wp\/v2\/types\/product"}],"replies":[{"embeddable":true,"href":"https:\/\/www.hidroforpompasi.com\/index.php\/wp-json\/wp\/v2\/comments?post=432"}],"wp:featuredmedia":[{"embeddable":true,"href":"https:\/\/www.hidroforpompasi.com\/index.php\/wp-json\/wp\/v2\/media\/431"}],"wp:attachment":[{"href":"https:\/\/www.hidroforpompasi.com\/index.php\/wp-json\/wp\/v2\/media?parent=432"}],"wp:term":[{"taxonomy":"product_brand","embeddable":true,"href":"https:\/\/www.hidroforpompasi.com\/index.php\/wp-json\/wp\/v2\/product_brand?post=432"},{"taxonomy":"product_cat","embeddable":true,"href":"https:\/\/www.hidroforpompasi.com\/index.php\/wp-json\/wp\/v2\/product_cat?post=432"},{"taxonomy":"product_tag","embeddable":true,"href":"https:\/\/www.hidroforpompasi.com\/index.php\/wp-json\/wp\/v2\/product_tag?post=432"}],"curies":[{"name":"wp","href":"https:\/\/api.w.org\/{rel}","templated":true}]}}