{"id":428,"date":"2025-08-11T19:02:41","date_gmt":"2025-08-11T19:02:41","guid":{"rendered":"https:\/\/www.hidroforpompasi.com\/index.php\/urun\/winpo\/"},"modified":"2025-08-20T17:47:42","modified_gmt":"2025-08-20T17:47:42","slug":"winpo","status":"publish","type":"product","link":"https:\/\/www.hidroforpompasi.com\/index.php\/urun\/winpo\/","title":{"rendered":"Winpo Qdp 400 Plastik G\u00f6vdeli Drenaj Pompas\u0131"},"content":{"rendered":"","protected":false},"excerpt":{"rendered":"<p>Winpo qdp 400 aw flat\u00f6rl\u00fc drenaj dalg\u0131\u00e7 pompa 7mss 5m\u00b3\/h monofaze(220v), su tahliyesi i\u00e7in flat\u00f6rl\u00fc dalg\u0131\u00e7 drenaj pompa en uygun fiyata. | Hemen al.<\/p>\n","protected":false},"featured_media":427,"comment_status":"open","ping_status":"closed","template":"","meta":[],"product_brand":[],"product_cat":[29],"product_tag":[],"class_list":{"0":"post-428","1":"product","2":"type-product","3":"status-publish","4":"has-post-thumbnail","6":"product_cat-winpo","8":"first","9":"instock","10":"shipping-taxable","11":"product-type-external"},"_links":{"self":[{"href":"https:\/\/www.hidroforpompasi.com\/index.php\/wp-json\/wp\/v2\/product\/428","targetHints":{"allow":["GET"]}}],"collection":[{"href":"https:\/\/www.hidroforpompasi.com\/index.php\/wp-json\/wp\/v2\/product"}],"about":[{"href":"https:\/\/www.hidroforpompasi.com\/index.php\/wp-json\/wp\/v2\/types\/product"}],"replies":[{"embeddable":true,"href":"https:\/\/www.hidroforpompasi.com\/index.php\/wp-json\/wp\/v2\/comments?post=428"}],"wp:featuredmedia":[{"embeddable":true,"href":"https:\/\/www.hidroforpompasi.com\/index.php\/wp-json\/wp\/v2\/media\/427"}],"wp:attachment":[{"href":"https:\/\/www.hidroforpompasi.com\/index.php\/wp-json\/wp\/v2\/media?parent=428"}],"wp:term":[{"taxonomy":"product_brand","embeddable":true,"href":"https:\/\/www.hidroforpompasi.com\/index.php\/wp-json\/wp\/v2\/product_brand?post=428"},{"taxonomy":"product_cat","embeddable":true,"href":"https:\/\/www.hidroforpompasi.com\/index.php\/wp-json\/wp\/v2\/product_cat?post=428"},{"taxonomy":"product_tag","embeddable":true,"href":"https:\/\/www.hidroforpompasi.com\/index.php\/wp-json\/wp\/v2\/product_tag?post=428"}],"curies":[{"name":"wp","href":"https:\/\/api.w.org\/{rel}","templated":true}]}}