{"id":304,"date":"2025-08-11T18:40:09","date_gmt":"2025-08-11T18:40:09","guid":{"rendered":"https:\/\/www.hidroforpompasi.com\/index.php\/urun\/etech-18\/"},"modified":"2025-08-20T17:13:16","modified_gmt":"2025-08-20T17:13:16","slug":"etech-vn3-6","status":"publish","type":"product","link":"https:\/\/www.hidroforpompasi.com\/index.php\/urun\/etech-vn3-6\/","title":{"rendered":"E-Tech VN 3\/6 &#8211; 1 HP Komple Paslanmaz Keson Kuyu Pompas\u0131"},"content":{"rendered":"","protected":false},"excerpt":{"rendered":"<p data-start=\"263\" data-end=\"499\"><strong data-start=\"263\" data-end=\"316\">E-Tech Vn 3\/6 Komple Paslanmaz Keson Kuyu Pompas\u0131<\/strong>, geni\u015f a\u00e7ma kuyulardan, <strong data-start=\"341\" data-end=\"348\">g\u00f6l<\/strong>, <strong data-start=\"350\" data-end=\"359\">nehir<\/strong>, <strong data-start=\"361\" data-end=\"385\">biriktirme havuzlar\u0131, <\/strong>\u00a0ve <strong data-start=\"389\" data-end=\"408\">su depolar\u0131ndan<\/strong> <strong data-start=\"409\" data-end=\"421\">temiz su<\/strong> \u00e7ekmek i\u00e7in tasarlanm\u0131\u015f y\u00fcksek performansl\u0131 bir <strong data-start=\"470\" data-end=\"486\">dalg\u0131\u00e7 pompa<\/strong> modelidir.<\/p>\n<p data-start=\"501\" data-end=\"703\"><span class=\"sw\">\u0130\u00e7erisinde<\/span> <span class=\"sw\">tamamen<\/span> <strong><span class=\"sw\">paslanmaz<\/span> <span class=\"sw\">\u00e7elikten<\/span> yap\u0131lan g\u00f6vde<\/strong> sayesinde olduk\u00e7a <span class=\"sw\">dayan\u0131kl\u0131<\/span>, <strong><span class=\"sw\">uzun<\/span> <span class=\"sw\">\u00f6m\u00fcrl\u00fc<\/span><\/strong> ve korozyon a\u00e7\u0131s\u0131ndan korumal\u0131 olman\u0131n yan\u0131 s\u0131ra hem <strong>end\u00fcstriyel<\/strong> hem de <strong>evsel kullan\u0131mada<\/strong> g\u00fcvenle <span class=\"sw\">kullan\u0131labilir<\/span>.<\/p>\n","protected":false},"featured_media":301,"comment_status":"open","ping_status":"closed","template":"","meta":[],"product_brand":[],"product_cat":[27],"product_tag":[],"class_list":{"0":"post-304","1":"product","2":"type-product","3":"status-publish","4":"has-post-thumbnail","6":"product_cat-e-tech","8":"first","9":"instock","10":"shipping-taxable","11":"product-type-external"},"_links":{"self":[{"href":"https:\/\/www.hidroforpompasi.com\/index.php\/wp-json\/wp\/v2\/product\/304","targetHints":{"allow":["GET"]}}],"collection":[{"href":"https:\/\/www.hidroforpompasi.com\/index.php\/wp-json\/wp\/v2\/product"}],"about":[{"href":"https:\/\/www.hidroforpompasi.com\/index.php\/wp-json\/wp\/v2\/types\/product"}],"replies":[{"embeddable":true,"href":"https:\/\/www.hidroforpompasi.com\/index.php\/wp-json\/wp\/v2\/comments?post=304"}],"wp:featuredmedia":[{"embeddable":true,"href":"https:\/\/www.hidroforpompasi.com\/index.php\/wp-json\/wp\/v2\/media\/301"}],"wp:attachment":[{"href":"https:\/\/www.hidroforpompasi.com\/index.php\/wp-json\/wp\/v2\/media?parent=304"}],"wp:term":[{"taxonomy":"product_brand","embeddable":true,"href":"https:\/\/www.hidroforpompasi.com\/index.php\/wp-json\/wp\/v2\/product_brand?post=304"},{"taxonomy":"product_cat","embeddable":true,"href":"https:\/\/www.hidroforpompasi.com\/index.php\/wp-json\/wp\/v2\/product_cat?post=304"},{"taxonomy":"product_tag","embeddable":true,"href":"https:\/\/www.hidroforpompasi.com\/index.php\/wp-json\/wp\/v2\/product_tag?post=304"}],"curies":[{"name":"wp","href":"https:\/\/api.w.org\/{rel}","templated":true}]}}