{"id":253,"date":"2025-08-11T18:35:55","date_gmt":"2025-08-11T18:35:55","guid":{"rendered":"https:\/\/www.hidroforpompasi.com\/index.php\/urun\/nema-17\/"},"modified":"2025-08-18T17:59:49","modified_gmt":"2025-08-18T17:59:49","slug":"nema-17","status":"publish","type":"product","link":"https:\/\/www.hidroforpompasi.com\/index.php\/urun\/nema-17\/","title":{"rendered":"Nema 500 Litre 10 Bar Genle\u015fme Tank\u0131"},"content":{"rendered":"","protected":false},"excerpt":{"rendered":"<p>Is\u0131tma ve so\u011futma sistemlerinde genle\u015fme tank\u0131 olarak ve ayr\u0131ca hidrofor sistemlerinde denge tank\u0131 olarak kullan\u0131lan \u00fcr\u00fcnlerdir.<\/p>\n","protected":false},"featured_media":249,"comment_status":"open","ping_status":"closed","template":"","meta":[],"product_brand":[],"product_cat":[26],"product_tag":[],"class_list":{"0":"post-253","1":"product","2":"type-product","3":"status-publish","4":"has-post-thumbnail","6":"product_cat-nema","8":"first","9":"instock","10":"shipping-taxable","11":"product-type-external"},"_links":{"self":[{"href":"https:\/\/www.hidroforpompasi.com\/index.php\/wp-json\/wp\/v2\/product\/253","targetHints":{"allow":["GET"]}}],"collection":[{"href":"https:\/\/www.hidroforpompasi.com\/index.php\/wp-json\/wp\/v2\/product"}],"about":[{"href":"https:\/\/www.hidroforpompasi.com\/index.php\/wp-json\/wp\/v2\/types\/product"}],"replies":[{"embeddable":true,"href":"https:\/\/www.hidroforpompasi.com\/index.php\/wp-json\/wp\/v2\/comments?post=253"}],"wp:featuredmedia":[{"embeddable":true,"href":"https:\/\/www.hidroforpompasi.com\/index.php\/wp-json\/wp\/v2\/media\/249"}],"wp:attachment":[{"href":"https:\/\/www.hidroforpompasi.com\/index.php\/wp-json\/wp\/v2\/media?parent=253"}],"wp:term":[{"taxonomy":"product_brand","embeddable":true,"href":"https:\/\/www.hidroforpompasi.com\/index.php\/wp-json\/wp\/v2\/product_brand?post=253"},{"taxonomy":"product_cat","embeddable":true,"href":"https:\/\/www.hidroforpompasi.com\/index.php\/wp-json\/wp\/v2\/product_cat?post=253"},{"taxonomy":"product_tag","embeddable":true,"href":"https:\/\/www.hidroforpompasi.com\/index.php\/wp-json\/wp\/v2\/product_tag?post=253"}],"curies":[{"name":"wp","href":"https:\/\/api.w.org\/{rel}","templated":true}]}}