{"id":222,"date":"2025-08-11T18:35:48","date_gmt":"2025-08-11T18:35:48","guid":{"rendered":"https:\/\/www.hidroforpompasi.com\/index.php\/urun\/nema-4\/"},"modified":"2025-08-18T18:11:26","modified_gmt":"2025-08-18T18:11:26","slug":"nema-4-2","status":"publish","type":"product","link":"https:\/\/www.hidroforpompasi.com\/index.php\/urun\/nema-4-2\/","title":{"rendered":"Nema 50 Litre 10 Bar Yat\u0131k Genle\u015fme Tank\u0131"},"content":{"rendered":"<div>\n<ol>\n<li>Anasayfa<\/li>\n<li><i><\/i><br \/>\nHidrofor Aksesuarlar\u0131<\/li>\n<li><i><\/i><br \/>\nGenle\u015fme ve Hidrofor Tank\u0131<\/li>\n<li><i><\/i><br \/>\nNema Neq 50 &#8211; Yat\u0131k Tank 10 Bar &#8211; 50 Litre<\/li>\n<\/ol>\n<\/div>\n<div>\n<div>\n<div>\n<div>\n<div>\n<div>\n<div><\/div>\n<\/div>\n<div>\n<div><\/div>\n<div><\/div>\n<div><\/div>\n<\/div>\n<\/div>\n<\/div>\n<div>\n<div>\n<div>\n<h1>Nema Neq 50 &#8211; Yat\u0131k Tank 10 Bar &#8211; 50 Litre<\/h1>\n<\/div>\n<div>Nema<\/div>\n<div>\n<div>\n<div>%42<br \/>\nindirim<\/div>\n<div>\n<div>2.387,28 TL<\/div>\n<div>4.116,00 TL<\/div>\n<\/div>\n<\/div>\n<div>\n<p>jQuery(function(){<br \/>\njQuery(&#8220;.product-comment-stars&#8221;).rateYo({<br \/>\nrating: 0.00<br \/>\n});<br \/>\n});<\/p>\n<div><\/div>\n<div>0 yorum | Yorum Yap<\/div>\n<\/div>\n<\/div>\n<div>\n<div>\n<div>Kategori<\/div>\n<div>\n<p>Genle\u015fme ve Hidrofor Tank\u0131<\/p>\n<\/div>\n<\/div>\n<div>\n<div>Stok Kodu<\/div>\n<div>nema106<\/div>\n<\/div>\n<div>\n<div>\u0130nternete \u00d6zel<\/div>\n<div>2.339,53 TL<br \/>\n( %2,00 Nakit Havale)<\/div>\n<\/div>\n<\/div>\n<div>\n<div>\n<p>&nbsp;<\/p>\n<div><\/div>\n<p>&nbsp;<\/p>\n<\/div>\n<p>Sepete Ekle<br \/>\nHemen Al<\/p>\n<\/div>\n<div>\n<div><i><\/i><br \/>\nAYNI G\u00dcN KARGO<\/div>\n<\/div>\n<div>\n<p><i><\/i> Favori Listeme Ekle<\/p>\n<div>\n<p><i><\/i><br \/>\nKar\u015f\u0131la\u015ft\u0131r<\/p>\n<\/div>\n<\/div>\n<\/div>\n<\/div>\n<\/div>\n<\/div>\n<\/div>\n<div>\n<div>\n<div>\n<div>\n<div>\u00dcr\u00fcn Bilgisi<\/div>\n<div>Yorumlar<\/div>\n<div>Taksit Se\u00e7enekleri<\/div>\n<div>\u00d6nerileriniz<\/div>\n<\/div>\n<\/div>\n<div>\n<div>\n<div>\n<p>\u00a0NEMA MARKA<\/p>\n<div>\n<p>KAPALI GENLE\u015eME TANKI VE DENGE TANKLARI<\/p>\n<p>Is\u0131tma ve so\u011futma sistemlerinde genle\u015fme tank\u0131 olarak ve ayr\u0131ca hidrofor sistemlerinde denge tank\u0131 olarak kullan\u0131lan \u00fcr\u00fcnlerdir.<\/p>\n<p>Nema firmas\u0131, Alman Winkellmann grubuna ba\u011fl\u0131 bir \u015firkettir ve \u00fcretim fabrikas\u0131 T\u00fcrkiye&#8217;de D\u00fczce Organize Sanayi b\u00f6lgesindedir. Winkellman\u00a0\u00a0Almanya, T\u00fcrkiye, Polonya ve \u00c7in gibi toplamda 7 ayr\u0131 \u00fclkede y\u00fcksek kaliteli ve \u00fcretim etkinli\u011fine sahip bile\u015fenler tasarlay\u0131p \u00fcretir. D\u00fczce&#8217;deki\u00a0 fabrika, T\u00fcrkiye&#8217;nin en modern, en otomatik\u00a0 ve en b\u00fcy\u00fck genle\u015fme tank\u0131 fabrikas\u0131d\u0131r. Bu fabrikada ISO 9001:2015 Kalite Y\u00f6netim Sistemi uyar\u0131nca t\u00fcm i\u015flemler son derece dikkatli bir \u015fekilde kaliteye dolay\u0131s\u0131yla da m\u00fc\u015fteri memnuniyetine g\u00f6re modernle\u015ftirilmi\u015ftir. T\u00fcm \u00fcr\u00fcnler s\u0131ras\u0131yla EN 13831 ve PED 2014\/68\/EU uyar\u0131nca tasarlanm\u0131\u015ft\u0131r.<\/p>\n<p>NEMA T\u00fcrkiye&#8217;deki yerli yabanc\u0131 pek \u00e7ok \u00f6nemli hidrofor \u00fcreticisine genle\u015fme tank\u0131n\u0131 onlar\u0131n markas\u0131yla \u00fcreten firmad\u0131r.<\/p>\n<p>Nema Genle\u015fme tanklar\u0131, TSE, CE , TUV NORD, EAC, ACS, WRAS, KWWA kalite belgelerine sahiptir. 2 Y\u0131l garantilidir.<\/p>\n<p>NEMA NEX SER\u0130S\u0130 GENLE\u015eME TANKLARININ GENEL \u00d6ZELL\u0130KLER\u0130<\/p>\n<p>* 2014\/68\/EU Bas\u0131n\u00e7l\u0131 Ekipmanlar Direktifi ve TS-EN 13831 standartlar\u0131 uyar\u0131nca \u00fcretilmi\u015flerdir.<\/p>\n<p>* DIN 4807-3 normlar\u0131 uyar\u0131nca de\u011fi\u015ftirilebilir EPDM membranl\u0131d\u0131r.<\/p>\n<p>* EPDM standard\u0131, iste\u011fe g\u00f6re B\u00fctil membran tak\u0131labilir.<\/p>\n<p>* Elektrostatik Toz Boya Kaplamal\u0131 \u00e7elik g\u00f6vde.<\/p>\n<p>* Membran i\u00e7in azami \u00e7al\u0131\u015fma s\u0131cakl\u0131\u011f\u0131: -10\u2009\u00b0C\u201370\u2009\u00b0C<\/p>\n<p>* M\u00fcsaade edilen azami s\u0131cakl\u0131k: +110\u2009\u00b0C<\/p>\n<p>* Su ve Su-Glikol kar\u0131\u015f\u0131mlar\u0131 i\u00e7in uygun (azami %50 glikol, 2014\/68\/EU Direktifi uyar\u0131nca S\u0131v\u0131 grubu 2)<\/p>\n<p>* 100 Litre ve \u00fcst\u00fc modellerde Manometre bulunmaktad\u0131r.<\/p>\n<p>ISITMA-KALOR\u0130FER TES\u0130SATINDA GENLE\u015eME TANKI NE \u0130\u015eE YARAR?<\/p>\n<p>Genle\u015fme tank\u0131n\u0131n, kalorifer tesisat\u0131nda ki g\u00f6revi, kombi ya da kazan\u0131n yanmas\u0131 ile \u0131s\u0131nan ve hacmi artan kalorifer suyunun, tesisatta olu\u015fturaca\u011f\u0131 a\u015f\u0131r\u0131 bas\u0131nc\u0131, i\u00e7indeki membran\u0131 arac\u0131l\u0131\u011f\u0131 ile absorbe etmektir. Yani tank\u0131n i\u00e7indeki esnek bir lastikten \u00fcretilmi\u015f membran gerekti\u011finde bir balon gibi \u015fi\u015ferek, tesisatta olu\u015fan a\u015f\u0131r\u0131 bas\u0131nc\u0131 s\u00f6n\u00fcmler ve normal de\u011ferlerine d\u00fc\u015f\u00fcr\u00fcr. Tersi durumda ise yani kalorifer suyu so\u011fudu\u011funda i\u00e7inde hapsetti\u011fi suyu, tank i\u00e7indeki \u00f6n hava bas\u0131nc\u0131n\u0131n yast\u0131klamas\u0131yla tesisata geri basarak, \u00fcst dairelerde ki radyat\u00f6rlerinin susuz kalmas\u0131n\u0131 \u00f6nler.<\/p>\n<p>NOT:\u00a0Bir \u0131s\u0131tma tesisat\u0131nda genle\u015fme tank\u0131 yoksa (ya da g\u00f6rev yapm\u0131yorsa) \u00f6nce emniyet ventillerinden kazan suyu bo\u015fal\u0131r, e\u011fer emniyet ventilleri yoksa (ya da bozuksa) bu durumda tesisat en zay\u0131f noktas\u0131ndan patlar.<\/p>\n<p>H\u0130DROFOR TES\u0130SATINDA DENGE TANKI NE \u0130\u015eE YARAR?<\/p>\n<p>Membranl\u0131 tanklar hidrofor tesisat\u0131nda kullan\u0131ld\u0131\u011f\u0131 zaman, denge tank\u0131 ad\u0131n\u0131 al\u0131r ve ger\u00e7ekten tesisat\u0131n dengeli bir hidrofor sistemi olmas\u0131n\u0131 sa\u011flar. Bu sistemde kullan\u0131lan tank\u0131n temel amac\u0131, bas\u0131n\u00e7l\u0131 suyu kapasite etmek ve gerekti\u011finde musluklara yollamakt\u0131r. Ba\u015fka bir anlat\u0131mla denge tank\u0131 b\u00fcy\u00fckl\u00fc\u011f\u00fcne g\u00f6re belli bir miktar y\u00fcksek bas\u0131n\u00e7l\u0131 suyu, membran\u0131 i\u00e7inde saklar ve su ihtiyac\u0131 oldu\u011funda, pompalar\u0131 devreye sokmadan \u00f6nce bu suyu hava yast\u0131klamas\u0131yla musluklara g\u00f6nderir. B\u00f6ylece Hidrofor pompalar\u0131n\u0131n s\u0131k devreye girip \u00e7\u0131kmas\u0131n\u0131 \u00f6nlenir buna ba\u011fl\u0131 olarak, elektrik sarfiyat\u0131n\u0131 azalt\u0131r, cihaz \u00f6mr\u00fcn\u00fc artt\u0131r\u0131r, ko\u00e7 darbesini \u00f6nlerler.<\/p>\n<p>Hidrofor tesisat\u0131nda, denge tank\u0131n\u0131n olmad\u0131\u011f\u0131 durumlarda, hidrofor motorlar\u0131 s\u0131k s\u0131k devreye girer, elektrik t\u00fcketimi ve g\u00fcr\u00fclt\u00fc artar, hidrofor par\u00e7alar\u0131ndan olan a\u00e7ma kapama yapan elektro-mekanik \u015falt cihazlar\u0131n\u0131n \u00f6mr\u00fc k\u0131sal\u0131r, motorlar a\u015f\u0131r\u0131 \u0131s\u0131n\u0131r ve neticede pahal\u0131 ar\u0131zalara yol a\u00e7abilir.<\/p>\n<p>Membranl\u0131 tanklardaki membran\u0131n \u00f6mr\u00fc, ilk ayar ve bak\u0131mla \u00e7ok alakal\u0131d\u0131r. Her tank\u0131n kullan\u0131laca\u011f\u0131 yer ba\u015fka oldu\u011fundan sistem \u00f6zelliklerine g\u00f6re mutlaka bir \u00f6n bas\u0131n\u00e7 hava de\u011feri belirlenmeli ve tanka bu de\u011ferde hava bas\u0131lmal\u0131d\u0131r. Fazla hava bas\u0131lmas\u0131, tanktan yararlanman\u0131z\u0131 azalt\u0131r ya da tamam\u0131yla tank yokmu\u015f gibi bir \u00e7al\u0131\u015fma \u015fekline neden olur, eksik hava olmas\u0131 durumunda da ise tank\u0131n tesisata faydas\u0131 azal\u0131r ve membran\u0131 k\u0131sa zamanda y\u0131pran\u0131r ve patlar. S\u0131k membran patlamas\u0131n\u0131n ve de\u011fi\u015fiminin ilk nedeni, eksilen havan\u0131n tamamlanmamas\u0131 ya da daha en ba\u015ftan hava ayar\u0131n\u0131n hi\u00e7 yap\u0131lmamas\u0131d\u0131r.<\/p>\n<p>D\u0130KKAT:\u00a0Fabrikada bas\u0131lan, \u00f6n hava bas\u0131n\u00e7lar\u0131 sabit bir de\u011ferdir ve sizin sisteminize denk gelme ihtimali olduk\u00e7a d\u00fc\u015f\u00fckt\u00fcr. \u0130\u015f bu nedenle her membranl\u0131 tank\u0131n \u00f6n hava de\u011feri, uzman bir ki\u015fi taraf\u0131ndan kullan\u0131laca\u011f\u0131 yerin \u00f6zelliklerine g\u00f6re belirlenmeli ve \u00f6n hava o de\u011feri her zaman ayn\u0131 de\u011ferde tutulmal\u0131d\u0131r.\u00a0Dikkat: bir tank\u0131n \u00f6n hava bas\u0131nc\u0131, tank tesisattan ayr\u0131larak ya da tesisattaki t\u00fcm su bo\u015faltt\u0131ktan sonra do\u011fru \u00f6l\u00e7\u00fclebilir. Aksi halde tesisattaki suyun bas\u0131nc\u0131 ile tank\u0131n i\u00e7indeki hava bas\u0131nc\u0131 birbirine kar\u0131\u015f\u0131r.<\/p>\n<p>Tanklar\u0131n havas\u0131 genelde bir kompres\u00f6r yard\u0131m\u0131yla tank\u0131n sibobundan bas\u0131lmaktad\u0131r. Genle\u015fme tank\u0131 siboplar\u0131, bisiklet tekeri ya da araba lastik siboplar\u0131yla ayn\u0131 oldu\u011fundan kompres\u00f6r\u00fcn\u00fcz yoksa bir benzinciye g\u00f6t\u00fcr\u00fcp hava bast\u0131rabilirsiniz. Bisiklet hava pompas\u0131 ile genle\u015fme tank\u0131na hava basabilmek m\u00fcmk\u00fcn de\u011fildir.<\/p>\n<p>Membranl\u0131 tanklar\u0131n, her alt\u0131 ayda bir mutlaka eksilen havas\u0131n\u0131n takviyesi gerekir. T\u0131pk\u0131 araba lastikleri gibi memranl\u0131 tanklar\u0131nda \u00f6n hava bas\u0131n\u00e7lar\u0131, zamanla ayarlanan de\u011ferden a\u015fa\u011f\u0131ya do\u011fru d\u00fc\u015fer.<\/p>\n<p>Hidrofor tesisat\u0131 i\u00e7in denge tank\u0131n\u0131 ne kadar b\u00fcy\u00fck al\u0131rsan\u0131z motorlar devreye o kadar az girip \u00e7\u0131kacakt\u0131r. Bunun yukar\u0131da say\u0131lan faydalar\u0131 vard\u0131r.<\/p>\n<p>Is\u0131tma Tesisat\u0131nda da b\u00fcy\u00fck tank alman\u0131n faydas\u0131 sistemin rahat \u00e7al\u0131\u015fmas\u0131 olmaktad\u0131r.<\/p>\n<p>Hidrofor sisteminde e\u011fer pompalar\u0131n\u0131z 10 bar\u0131n \u00fczerinde ise 15 Bar s\u0131n\u0131f\u0131 tank alman\u0131z gerekir.<\/p>\n<p>Is\u0131tma tesisat\u0131nda ise 20 kattan y\u00fcksek binalar 15 Bar s\u0131n\u0131f\u0131 tank almal\u0131d\u0131r.<\/p>\n<p>M\u00fchendislik a\u00e7\u0131s\u0131ndan a\u015f\u0131r\u0131ya ka\u00e7madan optimal bir se\u00e7im en do\u011frusudur.<\/p>\n<p>Genle\u015fme tanklar\u0131nda \u00f6n hava bas\u0131n\u00e7 hesab\u0131 i\u00e7in\u00a0\u00a0buraya bas\u0131n\u0131z.<\/p>\n<div><\/div>\n<div>Hidrofor denge tank\u0131 \u00f6n hava bas\u0131n\u00e7 hesab\u0131 i\u00e7in\u00a0\u00a0buraya bas\u0131n\u0131z<\/div>\n<\/div>\n<div><\/div>\n<p>\u00dcr\u00fcn\u00fcn ayr\u0131nt\u0131l\u0131 teknik bro\u015f\u00fcr\u00fcn\u00fc g\u00f6rmek i\u00e7in\u00a0buraya t\u0131klay\u0131n\u0131z.<\/p>\n<div><\/div>\n<\/div>\n<div>\n<table>\n<tbody>\n<tr>\n<td>Hacim<\/td>\n<td>:<\/td>\n<td>50 Litre<\/td>\n<\/tr>\n<tr>\n<td>Tip<\/td>\n<td>:<\/td>\n<td>Yat\u0131k tip ayakl\u0131<\/td>\n<\/tr>\n<tr>\n<td>Boru Ba\u011flant\u0131 \u00c7ap\u0131<\/td>\n<td>:<\/td>\n<td>1&#8221;<\/td>\n<\/tr>\n<tr>\n<td>\u0130\u015fletme Bas\u0131nc\u0131<\/td>\n<td>:<\/td>\n<td>10 Bar<\/td>\n<\/tr>\n<tr>\n<td>Bas\u0131n\u00e7 S\u0131n\u0131f\u0131<\/td>\n<td>:<\/td>\n<td>10 Bar<\/td>\n<\/tr>\n<tr>\n<td>Test Bas\u0131nc\u0131<\/td>\n<td>:<\/td>\n<td>15 Bar<\/td>\n<\/tr>\n<tr>\n<td>Tank \u00c7ap\u0131<\/td>\n<td>:<\/td>\n<td>410 mm<\/td>\n<\/tr>\n<tr>\n<td>Tank Y\u00fcksekli\u011fi<\/td>\n<td>:<\/td>\n<td>454 mm<\/td>\n<\/tr>\n<tr>\n<td>Kullan\u0131m S\u0131cakl\u0131\u011f\u0131<\/td>\n<td>:<\/td>\n<td>0\u00b0C ~ +100 \u00b0C<\/td>\n<\/tr>\n<tr>\n<td>Marka<\/td>\n<td>:<\/td>\n<td>Nema<\/td>\n<\/tr>\n<\/tbody>\n<\/table>\n<\/div>\n<\/div>\n<div>\n<div>\n<div>\n<div>\n<div>Bu \u00fcr\u00fcne ilk yorumu siz yap\u0131n!<\/div>\n<\/div>\n<\/div>\n<div>\n<div>\n<div>\n<div>\n<p>Yorum Yap<\/p>\n<\/div>\n<\/div>\n<\/div>\n<\/div>\n<\/div>\n<\/div>\n<div><\/div>\n<div>\n<div>\n<div>\n<div>Bu \u00fcr\u00fcn\u00fcn fiyat bilgisi, resim, \u00fcr\u00fcn a\u00e7\u0131klamalar\u0131nda ve di\u011fer konularda yetersiz g\u00f6rd\u00fc\u011f\u00fcn\u00fcz noktalar\u0131 \u00f6neri formunu kullanarak taraf\u0131m\u0131za iletebilirsiniz.<br \/>\nG\u00f6r\u00fc\u015f ve \u00f6nerileriniz i\u00e7in te\u015fekk\u00fcr ederiz.<\/div>\n<div>\n<div>\n<div>\n<p>\u00dcr\u00fcn resmi kalitesiz, bozuk veya g\u00f6r\u00fcnt\u00fclenemiyor.<\/p>\n<\/div>\n<div>\n<p>\u00dcr\u00fcn a\u00e7\u0131klamas\u0131nda eksik bilgiler bulunuyor.<\/p>\n<\/div>\n<div>\n<p>\u00dcr\u00fcn bilgilerinde hatalar bulunuyor.<\/p>\n<\/div>\n<div>\n<p>\u00dcr\u00fcn fiyat\u0131 di\u011fer sitelerden daha pahal\u0131.<\/p>\n<\/div>\n<div>\n<p>Bu \u00fcr\u00fcne benzer farkl\u0131 alternatifler olmal\u0131.<\/p>\n<\/div>\n<\/div>\n<div>\n<div><\/div>\n<\/div>\n<div>\n<div>\n<div>G\u00f6nder<\/div>\n<\/div>\n<\/div>\n<\/div>\n<\/div>\n<\/div>\n<\/div>\n<\/div>\n<\/div>\n<div>\n<div>TAVS\u0130YE \u00dcR\u00dcNLER<\/div>\n<div>\n<div>\n<div>\n<div>\n<div>\n<div>AYNI G\u00dcN KARGO<\/div>\n<\/div>\n<div><\/div>\n<\/div>\n<div>\n<div>\u0130rka Dirsekli Fleks Hortum Al\u00fcminyum 1&#8221; &#8211; 50 cm<\/div>\n<div>\n<div>%30<\/div>\n<div>\n<div>616,41 TL<\/div>\n<div>431,49 TL<\/div>\n<\/div>\n<\/div>\n<div>\n<p><i><\/i><br \/>\nKar\u015f\u0131la\u015ft\u0131r<\/p>\n<\/div>\n<\/div>\n<\/div>\n<\/div>\n<\/div>\n<\/div>\n<div>\n<div>KATEGOR\u0130DEK\u0130 D\u0130\u011eER \u00dcR\u00dcNLER<\/div>\n<div>\n<div>\n<div>\n<div>\n<div>\n<div>AYNI G\u00dcN KARGO<\/div>\n<\/div>\n<div><\/div>\n<\/div>\n<div>\n<div>Eagle EGV 8 Silindir Tank 10 Bar &#8211; 8 Litre<\/div>\n<div>\n<div>%38<\/div>\n<div>\n<div>1.130,09 TL<\/div>\n<div>700,66 TL<\/div>\n<\/div>\n<\/div>\n<div>\n<p><i><\/i><br \/>\nKar\u015f\u0131la\u015ft\u0131r<\/p>\n<\/div>\n<\/div>\n<\/div>\n<\/div>\n<div>\n<div>\n<div>\n<div>\n<div>AYNI G\u00dcN KARGO<\/div>\n<\/div>\n<div><\/div>\n<\/div>\n<div>\n<div>Nema Nel 8 &#8211; Silindir Tank 10 Bar &#8211; 8 Litre<\/div>\n<div>\n<div>%42<\/div>\n<div>\n<div>1.881,60 TL<\/div>\n<div>1.091,33 TL<\/div>\n<\/div>\n<\/div>\n<div>\n<p><i><\/i><br \/>\nKar\u015f\u0131la\u015ft\u0131r<\/p>\n<\/div>\n<\/div>\n<\/div>\n<\/div>\n<div>\n<div>\n<div>\n<div>\n<div>AYNI G\u00dcN KARGO<\/div>\n<\/div>\n<div><\/div>\n<\/div>\n<div>\n<div>Eagle EGV 12 Silindir Tank 10 Bar &#8211; 12 Litre<\/div>\n<div>\n<div>%38<\/div>\n<div>\n<div>1.181,46 TL<\/div>\n<div>732,50 TL<\/div>\n<\/div>\n<\/div>\n<div>\n<p><i><\/i><br \/>\nKar\u015f\u0131la\u015ft\u0131r<\/p>\n<\/div>\n<\/div>\n<\/div>\n<\/div>\n<div>\n<div>\n<div>\n<div>\n<div>AYNI G\u00dcN KARGO<\/div>\n<\/div>\n<div><\/div>\n<\/div>\n<div>\n<div>Nema Nel 12 &#8211; Silindir Tank 10 Bar &#8211; 12 Litre<\/div>\n<div>\n<div>%42<\/div>\n<div>\n<div>1.940,40 TL<\/div>\n<div>1.125,43 TL<\/div>\n<\/div>\n<\/div>\n<div>\n<p><i><\/i><br \/>\nKar\u015f\u0131la\u015ft\u0131r<\/p>\n<\/div>\n<\/div>\n<\/div>\n<\/div>\n<div>\n<div>\n<div>\n<div>\n<div>AYNI G\u00dcN KARGO<\/div>\n<\/div>\n<div><\/div>\n<\/div>\n<div>\n<div>Eagle EGV 24D Silindir Tank 10 Bar &#8211; 24 Litre<\/div>\n<div>\n<div>%35<\/div>\n<div>\n<div>1.695,13 TL<\/div>\n<div>1.101,84 TL<\/div>\n<\/div>\n<\/div>\n<div>\n<p><i><\/i><br \/>\nKar\u015f\u0131la\u015ft\u0131r<\/p>\n<\/div>\n<\/div>\n<\/div>\n<\/div>\n<div>\n<div>\n<div>\n<div>\n<div>AYNI G\u00dcN KARGO<\/div>\n<\/div>\n<div><\/div>\n<\/div>\n<div>\n<div>Daf T 25 &#8211; Silindir Tank 10 Bar &#8211; 25 Litre<\/div>\n<div>\n<div>%40<\/div>\n<div>\n<div>3.175,20 TL<\/div>\n<div>1.905,12 TL<\/div>\n<\/div>\n<\/div>\n<div>\n<p><i><\/i><br \/>\nKar\u015f\u0131la\u015ft\u0131r<\/p>\n<\/div>\n<\/div>\n<\/div>\n<\/div>\n<div>\n<div>\n<div>\n<div>\n<div>AYNI G\u00dcN KARGO<\/div>\n<\/div>\n<div><\/div>\n<\/div>\n<div>\n<div>Eagle EGV 24K K\u00fcre Tank 10 Bar &#8211; 24 Litre<\/div>\n<div>\n<div>%40<\/div>\n<div>\n<div>1.541,03 TL<\/div>\n<div>924,62 TL<\/div>\n<\/div>\n<\/div>\n<div>\n<p><i><\/i><br \/>\nKar\u015f\u0131la\u015ft\u0131r<\/p>\n<\/div>\n<\/div>\n<\/div>\n<\/div>\n<div>\n<div>\n<div>\n<div>\n<div>AYNI G\u00dcN KARGO<\/div>\n<\/div>\n<div><\/div>\n<\/div>\n<div>\n<div>Eagle EGH 24 Yat\u0131k Tank 10 Bar &#8211; 24 Litre<\/div>\n<div>\n<div>%38<\/div>\n<div>\n<div>1.951,97 TL<\/div>\n<div>1.210,22 TL<\/div>\n<\/div>\n<\/div>\n<div>\n<p><i><\/i><br \/>\nKar\u015f\u0131la\u015ft\u0131r<\/p>\n<\/div>\n<\/div>\n<\/div>\n<\/div>\n<div>\n<div>\n<div>\n<div>\n<div>AYNI G\u00dcN KARGO<\/div>\n<\/div>\n<div><\/div>\n<\/div>\n<div>\n<div>Nema Neq 24 &#8211; Yat\u0131k Tank 10 Bar &#8211; 24 Litre<\/div>\n<div>\n<div>%42<\/div>\n<div>\n<div>2.528,40 TL<\/div>\n<div>1.466,47 TL<\/div>\n<\/div>\n<\/div>\n<div>\n<p><i><\/i><br \/>\nKar\u015f\u0131la\u015ft\u0131r<\/p>\n<\/div>\n<\/div>\n<\/div>\n<\/div>\n<div>\n<div>\n<div>\n<div><\/div>\n<\/div>\n<div>\n<div>Wilo LRS Fix 24 H-F Yat\u0131k Tank 10 Bar &#8211; 24 Litre &#8211; 5 Y\u0131l Garantili<\/div>\n<div>\n<div>%34<\/div>\n<div>\n<div>5.115,60 TL<\/div>\n<div>3.376,30 TL<\/div>\n<\/div>\n<\/div>\n<div>\n<p><i><\/i><br \/>\nKar\u015f\u0131la\u015ft\u0131r<\/p>\n<\/div>\n<\/div>\n<\/div>\n<\/div>\n<\/div>\n<\/div>\n<div>\n<div>Etiketler :<\/div>\n<div>Nema genle\u015fme tank\u0131<br \/>\ndaf genle\u015fme tank\u0131 servisi<br \/>\nmas daf bayileri<br \/>\nnema genle\u015fme<br \/>\nnema genle\u015fme tank\u0131 fiyatlar\u0131<br \/>\nnema genle\u015fme tank\u0131 \u00f6l\u00e7\u00fcleri<br \/>\nnema genle\u015fme tanklari<br \/>\n50 litre genle\u015fme tank\u0131 nema<br \/>\nneq 50 litre<br \/>\nnema genle\u015feme tank\u0131<\/div>\n<\/div>\n<\/div>\n<div>\n<p>Nema Neq 50 &#8211; Yat\u0131k Tank 10 Bar &#8211; 50 Litrenema106<\/p>\n<div><\/div>\n<div>\n<p>https:\/\/www.irka.com.tr\/urun\/neq-50-yatay-tip-genlesme-tanki-50-litre<\/p>\n<\/div>\n<\/div>\n<p><!-- Global site tag (gtag.js) - Google Ads: 1058714754 --><br \/>\nwindow.dataLayer = window.dataLayer || [];<br \/>\nfunction gtag(){dataLayer.push(arguments);}<br \/>\ngtag(&#8216;js&#8217;, new Date());<br \/>\ngtag(&#8216;config&#8217;, &#8216;AW-1058714754&#8217;);<\/p>\n<p>dataLayer.push({ ecommerce: null });<br \/>\ndataLayer.push({<br \/>\nevent : &#8216;view_item&#8217;,<br \/>\necommerce: {<br \/>\ncurrency: &#8216;TRY&#8217;,<br \/>\nvalue: 1989.40,<br \/>\nitems: [{<br \/>\nitem_id : &#8216;nema106&#8217;,<br \/>\nitem_name : &#8216;Nema Neq 50 &#8211; Yat\u0131k Tank 10 Bar &#8211; 50 Litre&#8217;,<br \/>\ndiscount : 1440.60,<br \/>\nindex: 0,<br \/>\nitem_brand : &#8216;Nema&#8217;,<br \/>\nitem_category : &#8216;Genle\u015fme ve Hidrofor Tank\u0131&#8217;,<br \/>\nitem_category2 : &#8221;,<br \/>\nitem_category3 : &#8221;,<br \/>\nitem_category4 : &#8221;,<br \/>\nitem_variant : &#8221;,<br \/>\nprice : 70.00,<br \/>\nquantity : 1<br \/>\n}]\n} });<\/p>\n<div>\n<div>\n<div>\n<h4>Tavsiye Et<\/h4>\n<\/div>\n<div>\n<div>\n<p>Ad\u0131n\u0131z<\/p>\n<div><\/div>\n<p>*<\/p>\n<\/div>\n<div>\n<p>G\u00f6nderilecek Ki\u015filer<\/p>\n<div><\/div>\n<div><\/div>\n<p>*<\/p>\n<\/div>\n<div>\n<p>Tavsiye Mesaj\u0131<\/p>\n<div>Bu \u00fcr\u00fcn\u00fc \u00e7ok be\u011fendim, sana da tavsiye ederim.<\/div>\n<p>*<\/p>\n<\/div>\n<div>\n<div>\u0130ptal<br \/>\nG\u00f6nder<\/div>\n<\/div>\n<\/div>\n<\/div>\n<\/div>\n","protected":false},"excerpt":{"rendered":"<p>Anasayfa Hidrofor Aksesuarlar\u0131 Genle\u015fme ve Hidrofor Tank\u0131 Nema Neq 50 &#8211; Yat\u0131k Tank 10 Bar &#8211; 50 Litre Nema Neq 50 &#8211; Yat\u0131k Tank 10 Bar &#8211; 50 Litre Nema %42 indirim 2.387,28 TL 4.116,00 TL jQuery(function(){ jQuery(&#8220;.product-comment-stars&#8221;).rateYo({ rating: 0.00 }); }); 0 yorum | Yorum Yap Kategori Genle\u015fme ve Hidrofor Tank\u0131 Stok Kodu nema106 [&hellip;]<\/p>\n","protected":false},"featured_media":220,"comment_status":"open","ping_status":"closed","template":"","meta":[],"product_brand":[],"product_cat":[26],"product_tag":[],"class_list":{"0":"post-222","1":"product","2":"type-product","3":"status-publish","4":"has-post-thumbnail","6":"product_cat-nema","8":"first","9":"instock","10":"shipping-taxable","11":"product-type-external"},"_links":{"self":[{"href":"https:\/\/www.hidroforpompasi.com\/index.php\/wp-json\/wp\/v2\/product\/222","targetHints":{"allow":["GET"]}}],"collection":[{"href":"https:\/\/www.hidroforpompasi.com\/index.php\/wp-json\/wp\/v2\/product"}],"about":[{"href":"https:\/\/www.hidroforpompasi.com\/index.php\/wp-json\/wp\/v2\/types\/product"}],"replies":[{"embeddable":true,"href":"https:\/\/www.hidroforpompasi.com\/index.php\/wp-json\/wp\/v2\/comments?post=222"}],"wp:featuredmedia":[{"embeddable":true,"href":"https:\/\/www.hidroforpompasi.com\/index.php\/wp-json\/wp\/v2\/media\/220"}],"wp:attachment":[{"href":"https:\/\/www.hidroforpompasi.com\/index.php\/wp-json\/wp\/v2\/media?parent=222"}],"wp:term":[{"taxonomy":"product_brand","embeddable":true,"href":"https:\/\/www.hidroforpompasi.com\/index.php\/wp-json\/wp\/v2\/product_brand?post=222"},{"taxonomy":"product_cat","embeddable":true,"href":"https:\/\/www.hidroforpompasi.com\/index.php\/wp-json\/wp\/v2\/product_cat?post=222"},{"taxonomy":"product_tag","embeddable":true,"href":"https:\/\/www.hidroforpompasi.com\/index.php\/wp-json\/wp\/v2\/product_tag?post=222"}],"curies":[{"name":"wp","href":"https:\/\/api.w.org\/{rel}","templated":true}]}}