{"id":207,"date":"2025-08-11T18:31:11","date_gmt":"2025-08-11T18:31:11","guid":{"rendered":"https:\/\/www.hidroforpompasi.com\/index.php\/urun\/wilo-initial-14\/"},"modified":"2025-08-20T17:53:17","modified_gmt":"2025-08-20T17:53:17","slug":"wilo-initial-14","status":"publish","type":"product","link":"https:\/\/www.hidroforpompasi.com\/index.php\/urun\/wilo-initial-14\/","title":{"rendered":"Wilo Initial Atmos Pico 25-1-6 Sirk\u00fclasyon Pompas\u0131"},"content":{"rendered":"","protected":false},"excerpt":{"rendered":"<p>WILO sirk\u00fclasyon pompalar\u0131 genel olarak \u0131s\u0131tma ve so\u011futma sistemlerinde kalorifer yada so\u011futma suyunun devir daimin de kullan\u0131l\u0131r.<\/p>\n","protected":false},"featured_media":204,"comment_status":"open","ping_status":"closed","template":"","meta":[],"product_brand":[],"product_cat":[24,25],"product_tag":[],"class_list":{"0":"post-207","1":"product","2":"type-product","3":"status-publish","4":"has-post-thumbnail","6":"product_cat-genel","7":"product_cat-wilo","9":"first","10":"instock","11":"shipping-taxable","12":"product-type-external"},"_links":{"self":[{"href":"https:\/\/www.hidroforpompasi.com\/index.php\/wp-json\/wp\/v2\/product\/207","targetHints":{"allow":["GET"]}}],"collection":[{"href":"https:\/\/www.hidroforpompasi.com\/index.php\/wp-json\/wp\/v2\/product"}],"about":[{"href":"https:\/\/www.hidroforpompasi.com\/index.php\/wp-json\/wp\/v2\/types\/product"}],"replies":[{"embeddable":true,"href":"https:\/\/www.hidroforpompasi.com\/index.php\/wp-json\/wp\/v2\/comments?post=207"}],"wp:featuredmedia":[{"embeddable":true,"href":"https:\/\/www.hidroforpompasi.com\/index.php\/wp-json\/wp\/v2\/media\/204"}],"wp:attachment":[{"href":"https:\/\/www.hidroforpompasi.com\/index.php\/wp-json\/wp\/v2\/media?parent=207"}],"wp:term":[{"taxonomy":"product_brand","embeddable":true,"href":"https:\/\/www.hidroforpompasi.com\/index.php\/wp-json\/wp\/v2\/product_brand?post=207"},{"taxonomy":"product_cat","embeddable":true,"href":"https:\/\/www.hidroforpompasi.com\/index.php\/wp-json\/wp\/v2\/product_cat?post=207"},{"taxonomy":"product_tag","embeddable":true,"href":"https:\/\/www.hidroforpompasi.com\/index.php\/wp-json\/wp\/v2\/product_tag?post=207"}],"curies":[{"name":"wp","href":"https:\/\/api.w.org\/{rel}","templated":true}]}}