{"id":180,"date":"2025-08-11T18:31:06","date_gmt":"2025-08-11T18:31:06","guid":{"rendered":"https:\/\/www.hidroforpompasi.com\/index.php\/urun\/wilo-37\/"},"modified":"2025-08-20T17:59:55","modified_gmt":"2025-08-20T17:59:55","slug":"wilo-37","status":"publish","type":"product","link":"https:\/\/www.hidroforpompasi.com\/index.php\/urun\/wilo-37\/","title":{"rendered":"Wilo \u0130nitial Pool Havuz Pompas\u0131"},"content":{"rendered":"","protected":false},"excerpt":{"rendered":"<p>Y\u00fczme havuzlar\u0131nda, s\u00fcs havuzlar\u0131 ve proses havuzlar\u0131nda havuz suyunun sirk\u00fclasyonu, dezenfeksiyonu, filtrelenmesi amac\u0131yla kullan\u0131lmaktad\u0131r. Pompan\u0131n emi\u015f k\u0131sm\u0131nda olan, geni\u015f hacimli \u00f6n g\u00f6vdesi sayesinde geni\u015f bir filtre sepeti ihtiva etmektedir.<\/p>\n","protected":false},"featured_media":178,"comment_status":"open","ping_status":"closed","template":"","meta":[],"product_brand":[],"product_cat":[24,25],"product_tag":[],"class_list":{"0":"post-180","1":"product","2":"type-product","3":"status-publish","4":"has-post-thumbnail","6":"product_cat-genel","7":"product_cat-wilo","9":"first","10":"instock","11":"shipping-taxable","12":"product-type-external"},"_links":{"self":[{"href":"https:\/\/www.hidroforpompasi.com\/index.php\/wp-json\/wp\/v2\/product\/180","targetHints":{"allow":["GET"]}}],"collection":[{"href":"https:\/\/www.hidroforpompasi.com\/index.php\/wp-json\/wp\/v2\/product"}],"about":[{"href":"https:\/\/www.hidroforpompasi.com\/index.php\/wp-json\/wp\/v2\/types\/product"}],"replies":[{"embeddable":true,"href":"https:\/\/www.hidroforpompasi.com\/index.php\/wp-json\/wp\/v2\/comments?post=180"}],"wp:featuredmedia":[{"embeddable":true,"href":"https:\/\/www.hidroforpompasi.com\/index.php\/wp-json\/wp\/v2\/media\/178"}],"wp:attachment":[{"href":"https:\/\/www.hidroforpompasi.com\/index.php\/wp-json\/wp\/v2\/media?parent=180"}],"wp:term":[{"taxonomy":"product_brand","embeddable":true,"href":"https:\/\/www.hidroforpompasi.com\/index.php\/wp-json\/wp\/v2\/product_brand?post=180"},{"taxonomy":"product_cat","embeddable":true,"href":"https:\/\/www.hidroforpompasi.com\/index.php\/wp-json\/wp\/v2\/product_cat?post=180"},{"taxonomy":"product_tag","embeddable":true,"href":"https:\/\/www.hidroforpompasi.com\/index.php\/wp-json\/wp\/v2\/product_tag?post=180"}],"curies":[{"name":"wp","href":"https:\/\/api.w.org\/{rel}","templated":true}]}}