{"id":133,"date":"2025-08-11T18:30:52","date_gmt":"2025-08-11T18:30:52","guid":{"rendered":"https:\/\/www.hidroforpompasi.com\/index.php\/urun\/wilo-14\/"},"modified":"2025-08-21T07:19:36","modified_gmt":"2025-08-21T07:19:36","slug":"wilo-14","status":"publish","type":"product","link":"https:\/\/www.hidroforpompasi.com\/index.php\/urun\/wilo-14\/","title":{"rendered":"Wilo Yonos Maxo-D-40-0-5-08 Sirk\u00fclasyon Pompas\u0131"},"content":{"rendered":"","protected":false},"excerpt":{"rendered":"<p>Frekans konvert\u00f6rl\u00fc \u00e7ok h\u0131zl\u0131 WILO sirk\u00fclasyon pompalar\u0131 genel olarak \u0131s\u0131tma ve so\u011futma sistemlerinde kalorifer yada so\u011futma suyunun devir daimin de kullan\u0131l\u0131r.<\/p>\n","protected":false},"featured_media":131,"comment_status":"open","ping_status":"closed","template":"","meta":[],"product_brand":[],"product_cat":[24,25],"product_tag":[],"class_list":{"0":"post-133","1":"product","2":"type-product","3":"status-publish","4":"has-post-thumbnail","6":"product_cat-genel","7":"product_cat-wilo","9":"first","10":"instock","11":"shipping-taxable","12":"product-type-external"},"_links":{"self":[{"href":"https:\/\/www.hidroforpompasi.com\/index.php\/wp-json\/wp\/v2\/product\/133","targetHints":{"allow":["GET"]}}],"collection":[{"href":"https:\/\/www.hidroforpompasi.com\/index.php\/wp-json\/wp\/v2\/product"}],"about":[{"href":"https:\/\/www.hidroforpompasi.com\/index.php\/wp-json\/wp\/v2\/types\/product"}],"replies":[{"embeddable":true,"href":"https:\/\/www.hidroforpompasi.com\/index.php\/wp-json\/wp\/v2\/comments?post=133"}],"wp:featuredmedia":[{"embeddable":true,"href":"https:\/\/www.hidroforpompasi.com\/index.php\/wp-json\/wp\/v2\/media\/131"}],"wp:attachment":[{"href":"https:\/\/www.hidroforpompasi.com\/index.php\/wp-json\/wp\/v2\/media?parent=133"}],"wp:term":[{"taxonomy":"product_brand","embeddable":true,"href":"https:\/\/www.hidroforpompasi.com\/index.php\/wp-json\/wp\/v2\/product_brand?post=133"},{"taxonomy":"product_cat","embeddable":true,"href":"https:\/\/www.hidroforpompasi.com\/index.php\/wp-json\/wp\/v2\/product_cat?post=133"},{"taxonomy":"product_tag","embeddable":true,"href":"https:\/\/www.hidroforpompasi.com\/index.php\/wp-json\/wp\/v2\/product_tag?post=133"}],"curies":[{"name":"wp","href":"https:\/\/api.w.org\/{rel}","templated":true}]}}