{"id":102,"date":"2025-08-11T18:30:46","date_gmt":"2025-08-11T18:30:46","guid":{"rendered":"https:\/\/www.hidroforpompasi.com\/index.php\/urun\/wilo-initial-4\/"},"modified":"2025-08-21T07:46:39","modified_gmt":"2025-08-21T07:46:39","slug":"wilo-initial-4","status":"publish","type":"product","link":"https:\/\/www.hidroforpompasi.com\/index.php\/urun\/wilo-initial-4\/","title":{"rendered":"Wilo Initial"},"content":{"rendered":"","protected":false},"excerpt":{"rendered":"<p>Bu pompalar, i\u015fyerleri, m\u00fcstakil evler, villalarda, su temini ve bas\u0131n\u00e7 y\u00fckseltmede, Zanaat ve sanayi So\u011futma suyu devrelerinde y\u0131kama ve ya\u011fmurlama tesislerinde kullan\u0131lmaktad\u0131r.<\/p>\n","protected":false},"featured_media":99,"comment_status":"open","ping_status":"closed","template":"","meta":[],"product_brand":[],"product_cat":[24,25],"product_tag":[],"class_list":{"0":"post-102","1":"product","2":"type-product","3":"status-publish","4":"has-post-thumbnail","6":"product_cat-genel","7":"product_cat-wilo","9":"first","10":"instock","11":"shipping-taxable","12":"product-type-external"},"_links":{"self":[{"href":"https:\/\/www.hidroforpompasi.com\/index.php\/wp-json\/wp\/v2\/product\/102","targetHints":{"allow":["GET"]}}],"collection":[{"href":"https:\/\/www.hidroforpompasi.com\/index.php\/wp-json\/wp\/v2\/product"}],"about":[{"href":"https:\/\/www.hidroforpompasi.com\/index.php\/wp-json\/wp\/v2\/types\/product"}],"replies":[{"embeddable":true,"href":"https:\/\/www.hidroforpompasi.com\/index.php\/wp-json\/wp\/v2\/comments?post=102"}],"wp:featuredmedia":[{"embeddable":true,"href":"https:\/\/www.hidroforpompasi.com\/index.php\/wp-json\/wp\/v2\/media\/99"}],"wp:attachment":[{"href":"https:\/\/www.hidroforpompasi.com\/index.php\/wp-json\/wp\/v2\/media?parent=102"}],"wp:term":[{"taxonomy":"product_brand","embeddable":true,"href":"https:\/\/www.hidroforpompasi.com\/index.php\/wp-json\/wp\/v2\/product_brand?post=102"},{"taxonomy":"product_cat","embeddable":true,"href":"https:\/\/www.hidroforpompasi.com\/index.php\/wp-json\/wp\/v2\/product_cat?post=102"},{"taxonomy":"product_tag","embeddable":true,"href":"https:\/\/www.hidroforpompasi.com\/index.php\/wp-json\/wp\/v2\/product_tag?post=102"}],"curies":[{"name":"wp","href":"https:\/\/api.w.org\/{rel}","templated":true}]}}